{"id":328,"date":"2014-03-09T21:52:07","date_gmt":"2014-03-09T21:52:07","guid":{"rendered":"http:\/\/www.artmon-ogrody.pl\/blog\/?page_id=328"},"modified":"2021-01-25T22:01:14","modified_gmt":"2021-01-25T22:01:14","slug":"koszenie-trawnikow","status":"publish","type":"page","link":"https:\/\/www.artmon-ogrody.pl\/blog\/koszenie-trawnikow\/","title":{"rendered":"Koszenie trawnika"},"content":{"rendered":"<p style=\"text-align: left;\"><span style=\"font-family: arial, helvetica, sans-serif; font-size: 16px;\">&nbsp; &nbsp; &nbsp;Firma <a href=\"http:\/\/www.artmon-ogrody.pl\/\">&#8222;Artmon Ogrody&#8221;<\/a> oferuje r\u00f3wnie\u017c us\u0142ugi koszenia, piel\u0119gnacji trawnika oraz wykaszania wysokich traw. Dysponujemy odpowiednim do tych czynno\u015bci <a href=\"http:\/\/www.artmon-ogrody.pl\/blog\/sprzet\/\">sprz\u0119tem<\/a>.<\/span><\/p>\n<figure id=\"attachment_287\" aria-describedby=\"caption-attachment-287\" style=\"width: 250px\" class=\"wp-caption alignleft\"><a href=\"http:\/\/www.artmon-ogrody.pl\/blog\/wp-content\/uploads\/2014\/01\/traktorek.jpg\"><img loading=\"lazy\" decoding=\"async\" class=\"wp-image-287 size-medium\" style=\"margin: 5px; float: left; border: 1px solid black;\" title=\"traktorek partner\" src=\"http:\/\/www.artmon-ogrody.pl\/blog\/wp-content\/uploads\/2014\/01\/traktorek-250x187.jpg\" alt=\"traktorek partner\" width=\"250\" height=\"187\" srcset=\"https:\/\/www.artmon-ogrody.pl\/blog\/wp-content\/uploads\/2014\/01\/traktorek-250x187.jpg 250w, https:\/\/www.artmon-ogrody.pl\/blog\/wp-content\/uploads\/2014\/01\/traktorek-680x510.jpg 680w, https:\/\/www.artmon-ogrody.pl\/blog\/wp-content\/uploads\/2014\/01\/traktorek-125x93.jpg 125w, https:\/\/www.artmon-ogrody.pl\/blog\/wp-content\/uploads\/2014\/01\/traktorek.jpg 1024w\" sizes=\"auto, (max-width: 250px) 100vw, 250px\" \/><\/a><figcaption id=\"caption-attachment-287\" class=\"wp-caption-text\">traktorek partner<\/figcaption><\/figure>\n<figure id=\"attachment_285\" aria-describedby=\"caption-attachment-285\" style=\"width: 250px\" class=\"wp-caption alignleft\"><a href=\"http:\/\/www.artmon-ogrody.pl\/blog\/wp-content\/uploads\/2014\/01\/podkaszarka.png\"><img loading=\"lazy\" decoding=\"async\" class=\"wp-image-285 size-medium\" style=\"margin: 5px; border: 1px solid black;\" title=\"podkaszarka spalinowa\" src=\"http:\/\/www.artmon-ogrody.pl\/blog\/wp-content\/uploads\/2014\/01\/podkaszarka-250x183.png\" alt=\"podkaszarka spalinowa\" width=\"250\" height=\"183\" srcset=\"https:\/\/www.artmon-ogrody.pl\/blog\/wp-content\/uploads\/2014\/01\/podkaszarka-250x183.png 250w, https:\/\/www.artmon-ogrody.pl\/blog\/wp-content\/uploads\/2014\/01\/podkaszarka-125x91.png 125w, https:\/\/www.artmon-ogrody.pl\/blog\/wp-content\/uploads\/2014\/01\/podkaszarka.png 460w\" sizes=\"auto, (max-width: 250px) 100vw, 250px\" \/><\/a><figcaption id=\"caption-attachment-285\" class=\"wp-caption-text\">podkaszarka spalinowa<\/figcaption><\/figure>\n<figure id=\"attachment_329\" aria-describedby=\"caption-attachment-329\" style=\"width: 250px\" class=\"wp-caption alignleft\"><a href=\"http:\/\/www.artmon-ogrody.pl\/blog\/wp-content\/uploads\/2014\/03\/HusR152SV_gr.jpg\"><img loading=\"lazy\" decoding=\"async\" class=\"wp-image-329 size-medium\" style=\"margin: 5px; border: 1px solid black;\" title=\"kosiarka husqwarna\" src=\"http:\/\/www.artmon-ogrody.pl\/blog\/wp-content\/uploads\/2014\/03\/HusR152SV_gr-250x230.jpg\" alt=\"kosiarka husqwarna\" width=\"250\" height=\"230\" srcset=\"https:\/\/www.artmon-ogrody.pl\/blog\/wp-content\/uploads\/2014\/03\/HusR152SV_gr-250x230.jpg 250w, https:\/\/www.artmon-ogrody.pl\/blog\/wp-content\/uploads\/2014\/03\/HusR152SV_gr-125x115.jpg 125w, https:\/\/www.artmon-ogrody.pl\/blog\/wp-content\/uploads\/2014\/03\/HusR152SV_gr.jpg 500w\" sizes=\"auto, (max-width: 250px) 100vw, 250px\" \/><\/a><figcaption id=\"caption-attachment-329\" class=\"wp-caption-text\">kosiarka husqwarna<\/figcaption><\/figure>\n<p style=\"text-align: left;\"><span style=\"font-family: arial, helvetica, sans-serif; font-size: 16px;\"> Przeczytaj par\u0119 porad na temat &#8222;Jak i kiedy kosi\u0107 sw\u00f3j trawnik?.&nbsp; Znajdziesz tu odpowied\u017a na wa\u017cne pytania.<\/span><\/p>\n<p>&nbsp;<\/p>\n<p>&nbsp;<\/p>\n<p>&nbsp;<\/p>\n<ol style=\"text-align: left;\">\n<li><span style=\"font-family: arial, helvetica, sans-serif; font-size: 16px;\"><b>Czy jest w\u0142a\u015bciwy lub niew\u0142a\u015bciwy czas na koszenie trawy?<\/b><\/span><span style=\"font-family: arial, helvetica, sans-serif; font-size: 16px;\"> W kontek\u015bcie pory dnia nie ma dobrego i z\u0142ego czasu na koszenie trawy. Je\u015bli na posesji istnieje odpowiednie o\u015bwietlenie, traw\u0119 mo\u017cna kosi\u0107 r\u00f3wnie dobrze noc\u0105.<\/span><span style=\"font-family: arial, helvetica, sans-serif; font-size: 16px;\"> Je\u015bli jednak m\u00f3wi\u0107 o porze w kontek\u015bcie warunk\u00f3w \u015brodowiskowych, tj. jak ciep\u0142o czy wysuszenie, wtedy dobrze jest zwi\u0119kszy\u0107 wysoko\u015b\u0107 koszenia i pozwoli\u0107 trawie urosn\u0105\u0107&nbsp;<\/span><\/li>\n<li>\n<figure id=\"attachment_330\" aria-describedby=\"caption-attachment-330\" style=\"width: 625px\" class=\"wp-caption alignleft\"><a href=\"http:\/\/www.artmon-ogrody.pl\/blog\/wp-content\/uploads\/2014\/03\/rhs_rosemoor_croquet_lawn_1.jpg\"><img loading=\"lazy\" decoding=\"async\" class=\"wp-image-330 size-large\" style=\"margin: 5px; border: 1px solid black;\" title=\"pi\u0119kny trawnik\" src=\"http:\/\/www.artmon-ogrody.pl\/blog\/wp-content\/uploads\/2014\/03\/rhs_rosemoor_croquet_lawn_1-680x510.jpg\" alt=\"pi\u0119kny trawnik\" width=\"625\" height=\"469\" srcset=\"https:\/\/www.artmon-ogrody.pl\/blog\/wp-content\/uploads\/2014\/03\/rhs_rosemoor_croquet_lawn_1-680x510.jpg 680w, https:\/\/www.artmon-ogrody.pl\/blog\/wp-content\/uploads\/2014\/03\/rhs_rosemoor_croquet_lawn_1-250x187.jpg 250w, https:\/\/www.artmon-ogrody.pl\/blog\/wp-content\/uploads\/2014\/03\/rhs_rosemoor_croquet_lawn_1-125x93.jpg 125w, https:\/\/www.artmon-ogrody.pl\/blog\/wp-content\/uploads\/2014\/03\/rhs_rosemoor_croquet_lawn_1.jpg 1200w\" sizes=\"auto, (max-width: 625px) 100vw, 625px\" \/><\/a><figcaption id=\"caption-attachment-330\" class=\"wp-caption-text\">pi\u0119kny trawnik<\/figcaption><\/figure>\n<p><span style=\"font-family: arial, helvetica, sans-serif; font-size: 16px;\">nieco wy\u017cej. Wysoko\u015b\u0107 ci\u0119cia&nbsp;r\u00f3wnie\u017c powinna by\u0107 wi\u0119ksza, gdy murawa odradza si\u0119 po chorobie, ataku owad\u00f3w lub innych rodzajach uszkodze\u0144. W celu zapewnienia dobrego efektu koszenia, nale\u017cy unika\u0107 koszenia, gdy trawnik jest mokry.<\/span><\/li>\n<li><span style=\"font-family: arial, helvetica, sans-serif; font-size: 16px;\"><span style=\"font-family: arial, helvetica, sans-serif; font-size: 16px;\"><b>Co oznacza regu\u0142a kciuka dla wysoko\u015bci trawy przed jej skoszeniem?<\/b><\/span><\/span><span style=\"font-family: arial, helvetica, sans-serif; font-size: 16px;\"><b><\/b>Og\u00f3lna zasada powinna by\u0107 taka, \u017ce nie \u015bcina si\u0119 wi\u0119cej ni\u017c jedn\u0105 trzeci\u0105 wysoko\u015bci \u017ad\u017ab\u0142a trawy w danym koszeniu. Innymi s\u0142owy do koszenia mo\u017cna przyst\u0105pi\u0107, gdy trawa wyros\u0142a o 50% wy\u017cej, ni\u017c jej po\u017c\u0105dana wysoko\u015b\u0107. Np. je\u015bli wysoko\u015b\u0107 trawnika utrzymywana jest na poziomie 6 cm, powinno si\u0119 j\u0105 kosi\u0107, gdy osi\u0105gnie ok. 9 cm. Naturalnie, wysoko\u015b\u0107 murawy mo\u017ce by\u0107 inna, ale regu\u0142a 50% powinna by\u0107 stosowana do wyznaczania odst\u0119p\u00f3w pomi\u0119dzy jednym i drugim koszeniem.<\/span><\/li>\n<li><span style=\"font-family: arial, helvetica, sans-serif; font-size: 16px;\"><b>Czy istnieje jaka\u015b dobra lub z\u0142a metoda koszenia trawy? Jakie s\u0105 zalecenia?<\/b><\/span><span style=\"font-family: arial, helvetica, sans-serif; font-size: 16px;\"> Najwa\u017cniejsza jest wymieniona ju\u017c zasada jednej trzeciej wysoko\u015bci.<\/span><span style=\"font-family: arial, helvetica, sans-serif; font-size: 16px;\"> Je\u015bli to mo\u017cliwe, nale\u017cy stara\u0107 si\u0119 zmienia\u0107 wz\u00f3r przejazdu przy ka\u017cdym koszeniu. Zapobiega to ubijaniu gleby ci\u0105g\u0142ymi przejazdami w tym samym miejscu i nie pozwala trawie rosn\u0105\u0107 w tym samym kierunku.<\/span><\/li>\n<li><span style=\"font-family: arial, helvetica, sans-serif; font-size: 16px;\"><b>Jaka jest zalecana wysoko\u015b\u0107 koszenia?<\/b><\/span><span style=\"font-family: arial, helvetica, sans-serif; font-size: 16px;\"> W oparciu o przedstawiane tu informacje mo\u017cna powiedzie\u0107, \u017ce zakres stosowanych wysoko\u015bci koszenia jest szeroki i zale\u017cy od rozmaitych czynnik\u00f3w \u015brodowiskowych (zacienienie, pora roku, wyst\u0119powanie okres\u00f3w suszy itp.), a tak\u017ce tych zwi\u0105zanych z odmian\u0105 trawy i po\u017c\u0105dan\u0105 wysoko\u015bci\u0105 trawnika.<\/span><\/li>\n<li><span style=\"font-family: arial, helvetica, sans-serif; font-size: 16px;\"><b>Czy nale\u017cy stosowa\u0107 jedno ustawienie wysoko\u015bci koszenia przez ca\u0142y sezon?<\/b><\/span><span style=\"font-family: arial, helvetica, sans-serif; font-size: 16px;\"> Jak wspomniano wy\u017cej, w\u0142a\u015bciwy dob\u00f3r wysoko\u015bci koszenia to pochodna wielu czynnik\u00f3w. Niemniej jednak, wraz z nasilaniem si\u0119 czynnik\u00f3w stanowi\u0105cych stres dla ro\u015blin (wysoka temperatura, niska temperatura, susza, zacienienie, uszkodzenia przez owady lub paso\u017cyty), zalecane jest zwi\u0119kszenie wysoko\u015bci koszenia w pobli\u017ce g\u00f3rnego ograniczenia zakresu rekomendowanego.<\/span><\/li>\n<li><span style=\"font-family: arial, helvetica, sans-serif; font-size: 16px;\"><b>Poza czynnikami estetycznymi, czy mo\u017cna wyd\u0142u\u017cy\u0107 odst\u0119p czasu pomi\u0119dzy koszeniami i kosi\u0107 gdy trawa jest wy\u017csza, ograniczaj\u0105c w ten spos\u00f3b ilo\u015b\u0107 kosze\u0144?<\/b><\/span><span style=\"font-family: arial, helvetica, sans-serif; font-size: 16px;\"> Mo\u017cna oczywi\u015bcie tak robi\u0107, ale nie jest to zalecane. Zasada jednej-trzeciej powinna by\u0107 przestrzegana tak cz\u0119sto, jak to mo\u017cliwe. Jest tak dlatego, \u017ce wiadomo i\u017c ka\u017cdorazowe \u015bci\u0119cie wi\u0119cej ni\u017c jedn\u0105 trzeci\u0105 wysoko\u015bci \u017ad\u017ab\u0142a trawy mo\u017ce wywo\u0142a\u0107 fizjologiczny szok. Wyhamowuje to ukorzenianie i w przypadku cz\u0119stego stosowania mo\u017ce prowadzi\u0107 do przerzedzania si\u0119 murawy.<\/span><\/li>\n<li><span style=\"font-family: arial, helvetica, sans-serif; font-size: 16px;\"><b>Konserwacja kosiarki jest wa\u017cna dla utrzymania jej sprawno\u015bci. Czy ma to r\u00f3wnie\u017c wp\u0142yw na zdrowie trawnika?<\/b><\/span><span style=\"font-family: arial, helvetica, sans-serif; font-size: 16px;\"> Nieprawid\u0142owo lub niedostatecznie konserwowana kosiarka \u017ale wp\u0142ywa na wygl\u0105d i kondycj\u0119 trawnika. St\u0119pione no\u017ce b\u0119d\u0105 wykazywa\u0107 tendencj\u0119 do rwania \u017ad\u017abe\u0142 raczej ni\u017c do ich g\u0142adkiego ci\u0119cia. Postrz\u0119pione ko\u0144c\u00f3wki \u017ad\u017abe\u0142 b\u0119d\u0105 br\u0105zowie\u0107, w wyniku czego w kilka dni po koszeniu ca\u0142y trawnik nabierze br\u0105zowego, lub \u017c\u00f3\u0142tego odcienia. Takie postrz\u0119pione ko\u0144c\u00f3wki to r\u00f3wnie\u017c otwarte drzwi dla wszelkich infekcji ro\u015blin. Naturalnie, nale\u017cy ta\u017c unika\u0107 wszelkich wyciek\u00f3w oleju i benzyny.<\/span><\/li>\n<li><span style=\"font-family: arial, helvetica, sans-serif; font-size: 16px;\"><span style=\"font-family: arial, helvetica, sans-serif; font-size: 16px;\"><b>Czy nale\u017cy kosi\u0107 do kosza, rozdrabnia\u0107 (mulczowa\u0107) traw\u0119, czy po prostu pozwoli\u0107 jej pozosta\u0107 na trawniku?<\/b><\/span><\/span>Kosi\u0107 do kosza czy nie? Oto jest pytanie.<b>Jak mo\u017cna kontrolowa\u0107 zachwaszczenie kosz\u0105c traw\u0119?<\/b>\n<ol>\n<li>Kiedy mo\u017cna pozostawi\u0107 rozdrobniony pokos na trawniku? Je\u015bli mulczowanie jest mo\u017cliwe, za\u015b wygl\u0105d i zastosowanie trawnika na to pozwala, pokos powinien by\u0107 rozdrabniany jak najcz\u0119\u015bciej. Je\u015bli funkcja mulczowania nie jest dost\u0119pna, zaleca si\u0119 bezwzgl\u0119dne przestrzeganie zasady jednej-trzeciej wysoko\u015bci. Ma\u0142a d\u0142ugo\u015b\u0107 pokosu u\u0142atwia jego opadni\u0119cie z powierzchni murawy na gleb\u0119 i przyspiesza rozk\u0142ad. Im kr\u00f3tszy pokos, tym szybciej b\u0119dzie opada\u0142 i mniej zak\u0142\u00f3ca\u0142 wygl\u0105d trawnika.<\/li>\n<li>Kiedy nale\u017cy mulczowa\u0107? Je\u015bli to mo\u017cliwe, pokos powinien by\u0107 mulczowany ka\u017cdorazowo podczas koszenia. Wyj\u0105tek od tej zasady mog\u0105 stanowi\u0107 sytuacje, kiedy trawa jest mokra lub nadzwyczaj wysoka. W takich wypadkach zapewne korzystniejsze od mulczowania b\u0119dzie koszenie do kosza, lub zgrabienie trawnika po koszeniu. Honda zwraca uwag\u0119, \u017ce doskona\u0142e mulczowanie to jedna z wa\u017cniejszych cech serii HRX: poniewa\u017c rozdrabnia pokos na naprawd\u0119 ma\u0142e drobiny, umo\u017cliwia ich szybkie opadanie na gleb\u0119 i przyspiesza rozk\u0142ad, utrzymuj\u0105c jednocze\u015bnie wygl\u0105d \u201ejak po wizycie u manicurzystki\u201d \u2013 czego po\u017c\u0105daj\u0105 zar\u00f3wno domownicy, jak i s\u0105siedzi.<\/li>\n<li>Kiedy nale\u017cy kosi\u0107 do kosza? Koszenie do kosza powinno odbywa\u0107 si\u0119 tylko wtedy, gdy mulczowanie nie jest mo\u017cliwe lub obecno\u015b\u0107 nawet najdrobniejszego pokosu na trawniku nie jest akceptowalna.<\/li>\n<\/ol>\n<\/li>\n<li><span style=\"font-family: arial, helvetica, sans-serif; font-size: 16px;\"> Najlepsza metoda na chwasty to g\u0119sty i zdrowy trawnik.<\/span><span style=\"font-family: arial, helvetica, sans-serif; font-size: 16px;\"> W\u0142a\u015bciwe koszenie jest wa\u017cn\u0105 cz\u0119\u015bci\u0105 utrzymywania dobrej kondycji murawy. Wysoko\u015b\u0107 koszenia mo\u017ce mie\u0107 wp\u0142yw na inwazyjno\u015b\u0107 chwast\u00f3w. G\u0119sta murawa lub grube \u017ad\u017ab\u0142a trawy, koszone we w\u0142a\u015bciwej proporcji wysoko\u015bci, hamuj\u0105 rozrost wi\u0119kszo\u015bci chwast\u00f3w.<\/span><span style=\"font-family: arial, helvetica, sans-serif; font-size: 16px;\"> Najlepsz\u0105 zatem metod\u0105 zapobiegania chwastom jest wykonywanie wszystkich czynno\u015bci (tj. w\u0142a\u015bciwe koszenie, nawo\u017cenie i nawadnianie, kontrola owad\u00f3w itp.) niezb\u0119dnych do utrzymania g\u0119stego i mocnego trawnika.<\/span><\/li>\n<li><span style=\"font-family: arial, helvetica, sans-serif; font-size: 16px;\"><b>Jak sucha powinna by\u0107 trawa w momencie koszenia?<\/b><\/span><span style=\"font-family: arial, helvetica, sans-serif; font-size: 16px;\"> Tak sucha, jak to mo\u017cliwe. Je\u015bli trawa jest mokra, nie b\u0119dzie w\u0142a\u015bciwie poddawa\u0107 si\u0119 rozdrobnieniu, b\u0119dzie za\u015b zbija\u0107 si\u0119 w k\u0119py i przylega\u0107 do korpusu kosiarki. Dobrze jest poczeka\u0107 a\u017c rosa odparuje z trawnika, tak aby po przesuni\u0119ciu po murawie d\u0142o\u0144 pozostawa\u0142a sucha.<\/span><\/li>\n<li><span style=\"font-family: arial, helvetica, sans-serif; font-size: 16px;\"><b>Co nale\u017cy robi\u0107 inaczej podczas koszenia mokrej trawy?<\/b><\/span><span style=\"font-family: arial, helvetica, sans-serif; font-size: 16px;\"> Je\u015bli koszony trawnik jest wilgotny, trzeba wolniej prowadzi\u0107 kosiark\u0119. Aby zredukowa\u0107 ilo\u015b\u0107 pokosu przylegaj\u0105cego do korpusu, co mo\u017ce zapycha\u0107 kosiark\u0119, nale\u017cy zwi\u0119kszy\u0107 wysoko\u015b\u0107 koszenia. Mo\u017ce by\u0107 r\u00f3wnie\u017c konieczne zatrzymanie i wy\u0142\u0105cznie kosiarki, przechylenie jej i oczyszczenie wn\u0119trza korpusu z nagromadzonego pokosu.<\/span><\/li>\n<\/ol>\n<p style=\"text-align: left;\"><span style=\"font-family: arial, helvetica, sans-serif; font-size: 10px;\"><i>\u017ar\u00f3d\u0142o: www.hondapowerequipment.com<\/i><\/span><\/p>\n","protected":false},"excerpt":{"rendered":"<p>&nbsp; &nbsp; &nbsp;Firma &#8222;Artmon Ogrody&#8221; oferuje r\u00f3wnie\u017c us\u0142ugi koszenia, piel\u0119gnacji trawnika oraz wykaszania wysokich traw. Dysponujemy odpowiednim do tych czynno\u015bci sprz\u0119tem. Przeczytaj par\u0119 porad na temat &#8222;Jak i kiedy kosi\u0107 sw\u00f3j trawnik?.&nbsp; Znajdziesz tu odpowied\u017a na wa\u017cne pytania. &nbsp; &nbsp; &nbsp; Czy jest w\u0142a\u015bciwy lub niew\u0142a\u015bciwy czas na koszenie trawy? W kontek\u015bcie pory dnia nie &hellip; <\/p>\n<p class=\"link-more\"><a href=\"https:\/\/www.artmon-ogrody.pl\/blog\/koszenie-trawnikow\/\" class=\"more-link\">Czytaj dalej<span class=\"screen-reader-text\"> Koszenie trawnika<\/span><\/a><\/p>\n","protected":false},"author":1,"featured_media":0,"parent":0,"menu_order":0,"comment_status":"closed","ping_status":"open","template":"template.fullwidth.php","meta":{"_acf_changed":false,"ngg_post_thumbnail":0,"footnotes":""},"class_list":["post-328","page","type-page","status-publish","hentry"],"acf":[],"_links":{"self":[{"href":"https:\/\/www.artmon-ogrody.pl\/blog\/wp-json\/wp\/v2\/pages\/328","targetHints":{"allow":["GET"]}}],"collection":[{"href":"https:\/\/www.artmon-ogrody.pl\/blog\/wp-json\/wp\/v2\/pages"}],"about":[{"href":"https:\/\/www.artmon-ogrody.pl\/blog\/wp-json\/wp\/v2\/types\/page"}],"author":[{"embeddable":true,"href":"https:\/\/www.artmon-ogrody.pl\/blog\/wp-json\/wp\/v2\/users\/1"}],"replies":[{"embeddable":true,"href":"https:\/\/www.artmon-ogrody.pl\/blog\/wp-json\/wp\/v2\/comments?post=328"}],"version-history":[{"count":24,"href":"https:\/\/www.artmon-ogrody.pl\/blog\/wp-json\/wp\/v2\/pages\/328\/revisions"}],"predecessor-version":[{"id":2065,"href":"https:\/\/www.artmon-ogrody.pl\/blog\/wp-json\/wp\/v2\/pages\/328\/revisions\/2065"}],"wp:attachment":[{"href":"https:\/\/www.artmon-ogrody.pl\/blog\/wp-json\/wp\/v2\/media?parent=328"}],"curies":[{"name":"wp","href":"https:\/\/api.w.org\/{rel}","templated":true}]}}