{"id":46,"date":"2014-01-28T02:18:33","date_gmt":"2014-01-28T02:18:33","guid":{"rendered":"http:\/\/www.artmon-ogrody.pl\/blog\/?page_id=46"},"modified":"2021-01-25T22:04:28","modified_gmt":"2021-01-25T22:04:28","slug":"poradnik","status":"publish","type":"page","link":"https:\/\/www.artmon-ogrody.pl\/blog\/poradnik\/","title":{"rendered":"Wycinka i rozdrabnianie ga\u0142\u0119zi"},"content":{"rendered":"<h1 style=\"text-align: left;\"><span style=\"font-size: 18px;\"><strong><span style=\"font-family: arial, helvetica, sans-serif;\">Wycinka i rozdrabnianie ga\u0142\u0119zi, krzew\u00f3w.<\/span><\/strong><\/span><\/h1>\n<figure id=\"attachment_286\" aria-describedby=\"caption-attachment-286\" style=\"width: 650px\" class=\"wp-caption alignleft\"><a href=\"http:\/\/www.artmon-ogrody.pl\/blog\/wp-content\/uploads\/2014\/01\/rozdrabniarka.jpg\"><img loading=\"lazy\" decoding=\"async\" class=\"wp-image-286 size-full\" style=\"border: 1px solid black; margin: 5px;\" title=\"rozdrabnianie ga\u0142\u0119zi\" src=\"http:\/\/www.artmon-ogrody.pl\/blog\/wp-content\/uploads\/2014\/01\/rozdrabniarka.jpg\" alt=\"rozdrabnianie ga\u0142\u0119zi\" width=\"650\" height=\"434\" srcset=\"https:\/\/www.artmon-ogrody.pl\/blog\/wp-content\/uploads\/2014\/01\/rozdrabniarka.jpg 650w, https:\/\/www.artmon-ogrody.pl\/blog\/wp-content\/uploads\/2014\/01\/rozdrabniarka-250x166.jpg 250w, https:\/\/www.artmon-ogrody.pl\/blog\/wp-content\/uploads\/2014\/01\/rozdrabniarka-125x83.jpg 125w\" sizes=\"auto, (max-width: 650px) 100vw, 650px\" \/><\/a><figcaption id=\"caption-attachment-286\" class=\"wp-caption-text\">rozdrabnianie ga\u0142\u0119zi<\/figcaption><\/figure>\n<figure id=\"attachment_288\" aria-describedby=\"caption-attachment-288\" style=\"width: 920px\" class=\"wp-caption alignleft\"><a href=\"http:\/\/www.artmon-ogrody.pl\/blog\/wp-content\/uploads\/2014\/01\/zrebki-2.jpg\"><img loading=\"lazy\" decoding=\"async\" class=\"wp-image-288 size-full\" style=\"margin: 5px; border: 1px solid black;\" title=\"zr\u0119bki\" src=\"http:\/\/www.artmon-ogrody.pl\/blog\/wp-content\/uploads\/2014\/01\/zrebki-2.jpg\" alt=\"zr\u0119bki\" width=\"920\" height=\"660\" srcset=\"https:\/\/www.artmon-ogrody.pl\/blog\/wp-content\/uploads\/2014\/01\/zrebki-2.jpg 920w, https:\/\/www.artmon-ogrody.pl\/blog\/wp-content\/uploads\/2014\/01\/zrebki-2-250x179.jpg 250w, https:\/\/www.artmon-ogrody.pl\/blog\/wp-content\/uploads\/2014\/01\/zrebki-2-680x487.jpg 680w, https:\/\/www.artmon-ogrody.pl\/blog\/wp-content\/uploads\/2014\/01\/zrebki-2-125x89.jpg 125w\" sizes=\"auto, (max-width: 767px) 89vw, (max-width: 1000px) 54vw, (max-width: 1071px) 543px, 580px\" \/><\/a><figcaption id=\"caption-attachment-288\" class=\"wp-caption-text\">zr\u0119bki<\/figcaption><\/figure>\n<figure id=\"attachment_289\" aria-describedby=\"caption-attachment-289\" style=\"width: 856px\" class=\"wp-caption alignleft\"><a href=\"http:\/\/www.artmon-ogrody.pl\/blog\/wp-content\/uploads\/2014\/01\/zr\u0119bki.jpg\"><img loading=\"lazy\" decoding=\"async\" class=\"wp-image-289 size-full\" style=\"margin: 5px; border: 1px solid black;\" title=\"zr\u0119bki\" src=\"http:\/\/www.artmon-ogrody.pl\/blog\/wp-content\/uploads\/2014\/01\/zr\u0119bki.jpg\" alt=\"zr\u0119bki\" width=\"856\" height=\"532\" srcset=\"https:\/\/www.artmon-ogrody.pl\/blog\/wp-content\/uploads\/2014\/01\/zr\u0119bki.jpg 856w, https:\/\/www.artmon-ogrody.pl\/blog\/wp-content\/uploads\/2014\/01\/zr\u0119bki-250x155.jpg 250w, https:\/\/www.artmon-ogrody.pl\/blog\/wp-content\/uploads\/2014\/01\/zr\u0119bki-680x422.jpg 680w, https:\/\/www.artmon-ogrody.pl\/blog\/wp-content\/uploads\/2014\/01\/zr\u0119bki-125x77.jpg 125w\" sizes=\"auto, (max-width: 767px) 89vw, (max-width: 1000px) 54vw, (max-width: 1071px) 543px, 580px\" \/><\/a><figcaption id=\"caption-attachment-289\" class=\"wp-caption-text\">zr\u0119bki<\/figcaption><\/figure>\n<p style=\"text-align: justify;\"><span style=\"font-family: arial, helvetica, sans-serif; font-size: medium;\"><span style=\"font-size: 16px;\">&nbsp; &nbsp; &nbsp;Firma Artmon Ogrody wykona u Pa\u0144stwa wycink\u0119 ga\u0142\u0119zi jak i krzew\u00f3w,&nbsp;<\/span><\/span><span style=\"font-size: 16px;\"><span style=\"font-family: arial, helvetica, sans-serif;\">wykonamy te\u017c&nbsp;<\/span><span style=\"font-family: arial, helvetica, sans-serif;\">rozdrabnianie<\/span><span style=\"font-family: arial, helvetica, sans-serif;\">&nbsp;ga\u0142\u0119zi rozdrabniaczem spalinowym- zr\u0119bki mo\u017cna wykorzystac jako \u015bci\u00f3\u0142k\u0119, jako materia\u0142 na kompost lub \u015brodek opa\u0142owy w zimie.<br \/>\n<\/span><\/span><\/p>\n<p style=\"text-align: justify;\"><span style=\"font-family: arial, helvetica, sans-serif; font-size: 16px;\">&nbsp; &nbsp; &nbsp; Zr\u0119bkami opa\u0142owymi okre\u015bla si\u0119 cz\u0105steczki drewna o rozmiarach (frakcji) nie przekraczaj\u0105cych 50 mm. Do cel\u00f3w produkcji zr\u0119bek opa\u0142owych mog\u0105 by\u0107 zastosowane drewna zar\u00f3wno iglaste jak i li\u015bciaste. Jednak zwykle jest tak, \u017ce do cel\u00f3w opa\u0142owych produkuje si\u0119 zr\u0119bki z drewna gorszej jako\u015bci, jako odpad z tartak\u00f3w czy lasu. O ile zr\u0119bki do cel\u00f3w produkcji p\u0142yt wi\u00f3rowych i pil\u015bniowych musz\u0105 posiada\u0107 okre\u015blon\u0105 wilgotno\u015b\u0107 (reguluje to norma PN-91\/D-95009 &#8211; Zr\u0119bki drzewne), o tyle zr\u0119bki do cel\u00f3w energetycznych nie musz\u0105 posiada\u0107 \u017cadnej okre\u015blonej wilgotno\u015bci.<\/span><\/p>\n<p style=\"text-align: justify;\"><strong><span style=\"font-family: arial, helvetica, sans-serif; font-size: medium;\">&nbsp;<\/span><\/strong><\/p>\n","protected":false},"excerpt":{"rendered":"<p>Wycinka i rozdrabnianie ga\u0142\u0119zi, krzew\u00f3w. &nbsp; &nbsp; &nbsp;Firma Artmon Ogrody wykona u Pa\u0144stwa wycink\u0119 ga\u0142\u0119zi jak i krzew\u00f3w,&nbsp;wykonamy te\u017c&nbsp;rozdrabnianie&nbsp;ga\u0142\u0119zi rozdrabniaczem spalinowym- zr\u0119bki mo\u017cna wykorzystac jako \u015bci\u00f3\u0142k\u0119, jako materia\u0142 na kompost lub \u015brodek opa\u0142owy w zimie. &nbsp; &nbsp; &nbsp; Zr\u0119bkami opa\u0142owymi okre\u015bla si\u0119 cz\u0105steczki drewna o rozmiarach (frakcji) nie przekraczaj\u0105cych 50 mm. Do cel\u00f3w produkcji zr\u0119bek &hellip; <\/p>\n<p class=\"link-more\"><a href=\"https:\/\/www.artmon-ogrody.pl\/blog\/poradnik\/\" class=\"more-link\">Czytaj dalej<span class=\"screen-reader-text\"> Wycinka i rozdrabnianie ga\u0142\u0119zi<\/span><\/a><\/p>\n","protected":false},"author":1,"featured_media":0,"parent":0,"menu_order":0,"comment_status":"closed","ping_status":"open","template":"template.fullwidth.php","meta":{"_acf_changed":false,"ngg_post_thumbnail":0,"footnotes":""},"class_list":["post-46","page","type-page","status-publish","hentry"],"acf":[],"_links":{"self":[{"href":"https:\/\/www.artmon-ogrody.pl\/blog\/wp-json\/wp\/v2\/pages\/46","targetHints":{"allow":["GET"]}}],"collection":[{"href":"https:\/\/www.artmon-ogrody.pl\/blog\/wp-json\/wp\/v2\/pages"}],"about":[{"href":"https:\/\/www.artmon-ogrody.pl\/blog\/wp-json\/wp\/v2\/types\/page"}],"author":[{"embeddable":true,"href":"https:\/\/www.artmon-ogrody.pl\/blog\/wp-json\/wp\/v2\/users\/1"}],"replies":[{"embeddable":true,"href":"https:\/\/www.artmon-ogrody.pl\/blog\/wp-json\/wp\/v2\/comments?post=46"}],"version-history":[{"count":38,"href":"https:\/\/www.artmon-ogrody.pl\/blog\/wp-json\/wp\/v2\/pages\/46\/revisions"}],"predecessor-version":[{"id":2071,"href":"https:\/\/www.artmon-ogrody.pl\/blog\/wp-json\/wp\/v2\/pages\/46\/revisions\/2071"}],"wp:attachment":[{"href":"https:\/\/www.artmon-ogrody.pl\/blog\/wp-json\/wp\/v2\/media?parent=46"}],"curies":[{"name":"wp","href":"https:\/\/api.w.org\/{rel}","templated":true}]}}